{"id":19,"date":"2023-03-29T19:56:39","date_gmt":"2023-03-29T19:56:39","guid":{"rendered":"https:\/\/gutes-qm.de\/?page_id=19"},"modified":"2025-11-14T18:38:51","modified_gmt":"2025-11-14T18:38:51","slug":"profil","status":"publish","type":"page","link":"https:\/\/gutes-qm.de\/","title":{"rendered":"Gutes-QM.de"},"content":{"rendered":"\n<p class=\"has-normal-font-size\">Ich bin bekennender ISO-Nerd (9001) und mag gutes Qualit\u00e4tsmanagement. <\/p>\n\n\n\n<p><strong>Herzlich Willkommen auf der Internetseite von Jan J\u00f6rgensmann<\/strong><\/p>\n\n\n\n<p class=\"has-small-font-size\">Bei Fragen, was das hei\u00dft und wie das geht, gerne \u00fcber <\/p>\n\n\n\n<p class=\"has-text-align-center\"><strong>Info@gutes-qm.de <\/strong><\/p>\n\n\n\n<p>bei mir melden.<\/p>\n\n\n\n<p>Wer gute Fortbildungen und Schulungen zum Thema QM sucht, der sollte die<a rel=\"noreferrer noopener\" href=\"https:\/\/stephanjoseph.myelopage.com\/s\/StephanJoseph\" target=\"_blank\"> LEV-Akademie<\/a> von Stephan Joseph nutzen!<\/p>\n\n\n<a class=\"wp-block-read-more\" href=\"https:\/\/gutes-qm.de\/\" target=\"_self\"><a role=\"document\" aria-label=\"Block: Weiterlesen\" class=\"block-editor-rich-text__editable block-editor-block-list__block wp-block is-selected wp-block-read-more rich-text\" id=\"block-98272239-9ed5-4d87-bd8d-cef528ce4f31\" data-block=\"98272239-9ed5-4d87-bd8d-cef528ce4f31\" data-title=\"Weiterlesen\" style=\"background-color: var(--global--color-background);font-family: var(--global--font-secondary);font-size: var(--global--font-size-base);min-width: 1px\" data-type=\"core\/read-more\"><\/a><\/a>\n\n\n<figure class=\"wp-block-image size-large is-resized\"><img decoding=\"async\" loading=\"lazy\" src=\"https:\/\/gutes-qm.de\/wp-content\/uploads\/2025\/11\/jan-joergensmann.1024x1024-1024x1024-3-1024x1024.jpg\" alt=\"\" class=\"wp-image-110\" width=\"134\" height=\"134\" srcset=\"https:\/\/gutes-qm.de\/wp-content\/uploads\/2025\/11\/jan-joergensmann.1024x1024-1024x1024-3.jpg 1024w, https:\/\/gutes-qm.de\/wp-content\/uploads\/2025\/11\/jan-joergensmann.1024x1024-1024x1024-3-300x300.jpg 300w, https:\/\/gutes-qm.de\/wp-content\/uploads\/2025\/11\/jan-joergensmann.1024x1024-1024x1024-3-150x150.jpg 150w, https:\/\/gutes-qm.de\/wp-content\/uploads\/2025\/11\/jan-joergensmann.1024x1024-1024x1024-3-768x768.jpg 768w\" sizes=\"(max-width: 134px) 100vw, 134px\" \/><\/figure>\n\n\n\n<p><strong>Hier mein Profil:<\/strong><\/p>\n\n\n\n<ul>\n<li>Qualit\u00e4tsmanager seit 2011<\/li>\n\n\n\n<li>AZAV-Beauftragter seit 2011<\/li>\n\n\n\n<li>Leitende Fachkraft f\u00fcr Arbeitssicherheit seit 2016<\/li>\n\n\n\n<li>Datenschutzbeauftragter nach EKD DSG seit 2018<\/li>\n\n\n\n<li>Qualit\u00e4tsauditor (DAKKS) seit 2019<\/li>\n\n\n\n<li>AZAV Evaluator (Zertsozial) seit 2020<\/li>\n\n\n\n<li>Organisationsmanager (Akademie f\u00fcr Management und Politik)<\/li>\n\n\n\n<li>Mitglied in Fachkreisen der <a href=\"https:\/\/www.dgq.de\/\">Deutschen Gesellschaft f\u00fcr Qualit\u00e4<\/a>t<\/li>\n\n\n\n<li><a href=\"https:\/\/www.joseph-beratung.de\/qm-podcast\/\">Gast im QM-Podcast von Stephan Joseph (joseph-beratung.de<\/a><\/li>\n<\/ul>\n\n\n\n<figure class=\"wp-block-embed is-type-video is-provider-youtube wp-block-embed-youtube wp-embed-aspect-16-9 wp-has-aspect-ratio\"><div class=\"wp-block-embed__wrapper\">\n<iframe loading=\"lazy\" title=\"Qualit\u00e4tskennzahlen - Im Gespr\u00e4ch mit Jan J\u00f6rgensmann\" width=\"750\" height=\"422\" src=\"https:\/\/www.youtube.com\/embed\/jTkd3YRg8l8?feature=oembed\" frameborder=\"0\" allow=\"accelerometer; autoplay; clipboard-write; encrypted-media; gyroscope; picture-in-picture; web-share\" referrerpolicy=\"strict-origin-when-cross-origin\" allowfullscreen><\/iframe>\n<\/div><figcaption class=\"wp-element-caption\">im Gespr\u00e4ch mit Stephan Joseph zum Thema Qualit\u00e4tskennzahlen.<\/figcaption><\/figure>\n\n\n\n<figure class=\"wp-block-embed is-type-video is-provider-youtube wp-block-embed-youtube wp-embed-aspect-16-9 wp-has-aspect-ratio\"><div class=\"wp-block-embed__wrapper\">\n<iframe loading=\"lazy\" title=\"Formeller Mist 2.0 mit Jan J\u00f6rgensmann\" width=\"750\" height=\"422\" src=\"https:\/\/www.youtube.com\/embed\/uzsyEYZqfbE?feature=oembed\" frameborder=\"0\" allow=\"accelerometer; autoplay; clipboard-write; encrypted-media; gyroscope; picture-in-picture; web-share\" referrerpolicy=\"strict-origin-when-cross-origin\" allowfullscreen><\/iframe>\n<\/div><figcaption class=\"wp-element-caption\">Man kann es auch \u00fcbertreiben. Fallstricke bei der notwendigen Dokumentation zur ISO 9001.<\/figcaption><\/figure>\n\n\n\n<figure class=\"wp-block-embed is-type-video is-provider-youtube wp-block-embed-youtube wp-embed-aspect-16-9 wp-has-aspect-ratio\"><div class=\"wp-block-embed__wrapper\">\n<iframe loading=\"lazy\" title=\"Weihnachtsdokumente mit Jan J\u00f6rgensmann\" width=\"750\" height=\"422\" src=\"https:\/\/www.youtube.com\/embed\/XkAcW9qRhEM?feature=oembed\" frameborder=\"0\" allow=\"accelerometer; autoplay; clipboard-write; encrypted-media; gyroscope; picture-in-picture; web-share\" referrerpolicy=\"strict-origin-when-cross-origin\" allowfullscreen><\/iframe>\n<\/div><figcaption class=\"wp-element-caption\">Ein Weihnachtsspecial im Kontext der ISO 9001.<br> <\/figcaption><\/figure>\n\n\n\n<figure class=\"wp-block-embed is-type-video is-provider-youtube wp-block-embed-youtube wp-embed-aspect-16-9 wp-has-aspect-ratio\"><div class=\"wp-block-embed__wrapper\">\n<iframe loading=\"lazy\" title=\"Nachverfolgungsma\u00dfnahmen zur wirksamen Ma\u00dfnahmennachverfolgung mit Jan J\u00f6rgensmann\" width=\"750\" height=\"422\" src=\"https:\/\/www.youtube.com\/embed\/9Zr2mzzCeAE?start=593&#038;feature=oembed\" frameborder=\"0\" allow=\"accelerometer; autoplay; clipboard-write; encrypted-media; gyroscope; picture-in-picture; web-share\" referrerpolicy=\"strict-origin-when-cross-origin\" allowfullscreen><\/iframe>\n<\/div><\/figure>\n\n\n\n<figure class=\"wp-block-embed is-type-video is-provider-youtube wp-block-embed-youtube wp-embed-aspect-16-9 wp-has-aspect-ratio\"><div class=\"wp-block-embed__wrapper\">\n<iframe loading=\"lazy\" title=\"Rolle QMB\" width=\"750\" height=\"422\" src=\"https:\/\/www.youtube.com\/embed\/GyTBkpjvGDQ?start=196&#038;feature=oembed\" frameborder=\"0\" allow=\"accelerometer; autoplay; clipboard-write; encrypted-media; gyroscope; picture-in-picture; web-share\" referrerpolicy=\"strict-origin-when-cross-origin\" allowfullscreen><\/iframe>\n<\/div><figcaption class=\"wp-element-caption\">Der QMB soll rollen&#8230;.<\/figcaption><\/figure>\n\n\n\n<figure class=\"wp-block-embed is-type-video is-provider-youtube wp-block-embed-youtube wp-embed-aspect-16-9 wp-has-aspect-ratio\"><div class=\"wp-block-embed__wrapper\">\n<iframe loading=\"lazy\" title=\"Interne Audits 9001 mit Jan J\u00f6rgensmann\" width=\"750\" height=\"422\" src=\"https:\/\/www.youtube.com\/embed\/ukwkBZitcME?start=2443&#038;feature=oembed\" frameborder=\"0\" allow=\"accelerometer; autoplay; clipboard-write; encrypted-media; gyroscope; picture-in-picture; web-share\" referrerpolicy=\"strict-origin-when-cross-origin\" allowfullscreen><\/iframe>\n<\/div><\/figure>\n\n\n\n<iframe loading=\"lazy\" width=\"560\" height=\"315\" src=\"https:\/\/www.youtube.com\/embed\/H3iW8z1p5bw?si=JN6fFupX3iz1S9Ds\" title=\"YouTube video player\" frameborder=\"0\" allow=\"accelerometer; autoplay; clipboard-write; encrypted-media; gyroscope; picture-in-picture; web-share\" referrerpolicy=\"strict-origin-when-cross-origin\" allowfullscreen=\"\"><\/iframe>\n\n\n<nav class=\"is-layout-flex is-responsive wp-block-navigation\" aria-label=\"Navigation\"><button aria-haspopup=\"true\" aria-label=\"Men\u00fc \u00f6ffnen\" class=\"wp-block-navigation__responsive-container-open \" data-micromodal-trigger=\"modal-1\"><svg width=\"24\" height=\"24\" xmlns=\"http:\/\/www.w3.org\/2000\/svg\" viewBox=\"0 0 24 24\" aria-hidden=\"true\" focusable=\"false\"><rect x=\"4\" y=\"7.5\" width=\"16\" height=\"1.5\" \/><rect x=\"4\" y=\"15\" width=\"16\" height=\"1.5\" \/><\/svg><\/button>\n\t\t\t<div class=\"wp-block-navigation__responsive-container  \" style=\"\" id=\"modal-1\">\n\t\t\t\t<div class=\"wp-block-navigation__responsive-close\" tabindex=\"-1\" data-micromodal-close>\n\t\t\t\t\t<div class=\"wp-block-navigation__responsive-dialog\" aria-label=\"Men\u00fc\">\n\t\t\t\t\t\t\t<button aria-label=\"Men\u00fc schlie\u00dfen\" data-micromodal-close class=\"wp-block-navigation__responsive-container-close\"><svg xmlns=\"http:\/\/www.w3.org\/2000\/svg\" viewBox=\"0 0 24 24\" width=\"24\" height=\"24\" aria-hidden=\"true\" focusable=\"false\"><path d=\"M13 11.8l6.1-6.3-1-1-6.1 6.2-6.1-6.2-1 1 6.1 6.3-6.5 6.7 1 1 6.5-6.6 6.5 6.6 1-1z\"><\/path><\/svg><\/button>\n\t\t\t\t\t\t<div class=\"wp-block-navigation__responsive-container-content\" id=\"modal-1-content\">\n\t\t\t\t\t\t\t\n\t\t\t\t\t\t<\/div>\n\t\t\t\t\t<\/div>\n\t\t\t\t<\/div>\n\t\t\t<\/div><\/nav>\n\n\n<div class=\"is-layout-flex wp-block-buttons\">\n<div class=\"wp-block-button\"><a class=\"wp-block-button__link wp-element-button\" href=\"https:\/\/gutes-qm.de\/?page_id=82\" target=\"_blank\" rel=\"noreferrer noopener\">Impressum<\/a><\/div>\n\n\n\n<div class=\"wp-block-button\"><a class=\"wp-block-button__link wp-element-button\" href=\"www.gutes-qm.de\">Startseite<\/a><\/div>\n\n\n\n<div class=\"wp-block-button\"><a class=\"wp-block-button__link wp-element-button\" href=\"https:\/\/gutes-qm.de\/wp-admin\/post.php?post=67&amp;action=edit\" target=\"_blank\" rel=\"noreferrer noopener\">Datenschutzerkl\u00e4rung<\/a><\/div>\n<\/div>\n\n\n\n<figure class=\"wp-block-image\"><img alt=\"\"\/><\/figure>\n\n\n\n<figure class=\"wp-block-image\"><img alt=\"\"\/><\/figure>\n\n\n\n<figure class=\"wp-block-image\"><img alt=\"\"\/><\/figure>\n\n\n\n<figure class=\"wp-block-image\"><img alt=\"\"\/><\/figure>\n\n\n\n<figure class=\"wp-block-image\"><img alt=\"\"\/><\/figure>\n\n\n\n<figure class=\"wp-block-image\"><img alt=\"\"\/><\/figure>\n\n\n\n<figure class=\"wp-block-image\"><img alt=\"\"\/><\/figure>\n","protected":false},"excerpt":{"rendered":"<p>Ich bin bekennender ISO-Nerd (9001) und mag gutes Qualit\u00e4tsmanagement. Herzlich Willkommen auf der Internetseite von Jan J\u00f6rgensmann Bei Fragen, was das hei\u00dft und wie das geht, gerne \u00fcber Info@gutes-qm.de bei&hellip; <a class=\"more-link\" href=\"https:\/\/gutes-qm.de\/\"><span class=\"screen-reader-text\">Gutes-QM.de<\/span> weiterlesen<\/a><\/p>\n","protected":false},"author":1,"featured_media":0,"parent":0,"menu_order":0,"comment_status":"closed","ping_status":"closed","template":"","meta":[],"_links":{"self":[{"href":"https:\/\/gutes-qm.de\/index.php?rest_route=\/wp\/v2\/pages\/19"}],"collection":[{"href":"https:\/\/gutes-qm.de\/index.php?rest_route=\/wp\/v2\/pages"}],"about":[{"href":"https:\/\/gutes-qm.de\/index.php?rest_route=\/wp\/v2\/types\/page"}],"author":[{"embeddable":true,"href":"https:\/\/gutes-qm.de\/index.php?rest_route=\/wp\/v2\/users\/1"}],"replies":[{"embeddable":true,"href":"https:\/\/gutes-qm.de\/index.php?rest_route=%2Fwp%2Fv2%2Fcomments&post=19"}],"version-history":[{"count":34,"href":"https:\/\/gutes-qm.de\/index.php?rest_route=\/wp\/v2\/pages\/19\/revisions"}],"predecessor-version":[{"id":114,"href":"https:\/\/gutes-qm.de\/index.php?rest_route=\/wp\/v2\/pages\/19\/revisions\/114"}],"wp:attachment":[{"href":"https:\/\/gutes-qm.de\/index.php?rest_route=%2Fwp%2Fv2%2Fmedia&parent=19"}],"curies":[{"name":"wp","href":"https:\/\/api.w.org\/{rel}","templated":true}]}}